{"id":7642,"date":"2024-03-05T11:53:16","date_gmt":"2024-03-05T08:53:16","guid":{"rendered":"https:\/\/lallaluna.com\/?post_type=product&#038;p=7642"},"modified":"2024-11-28T12:19:41","modified_gmt":"2024-11-28T09:19:41","slug":"bebek-ani-defteri-mavi","status":"publish","type":"product","link":"https:\/\/lallaluna.com\/en\/product\/bebek-ani-defteri-mavi\/","title":{"rendered":"Bebek An\u0131 Defteri &#8211; Mavi"},"content":{"rendered":"<ul class=\"detail-desc-list\">\n<li>De\u011ferli M\u00fc\u015fterimiz, Lallaluna Ailesine ho\u015f geldiniz! Daha sonra hat\u0131rlamak isteyece\u011finiz en de\u011ferli an\u0131lar\u0131n\u0131z\u0131 g\u00fcvende tutmak i\u00e7in bu kez de Lallaluna An\u0131 Defteri ile yan\u0131n\u0131zda olmaktan mutluluk duyuyoruz! Eminiz ki de\u011ferli bebe\u011finiz de onu b\u00fcy\u00fct\u00fcrken ya\u015fad\u0131\u011f\u0131n\u0131z t\u00fcm duygular\u0131 bilmek isteyecek ve bu defterde biriktirece\u011finiz t\u00fcm an\u0131lar onun i\u00e7in \u00e7ok k\u0131ymetli olacak. Bu yolculukta yan\u0131n\u0131zda olmak bizim i\u00e7in kesinlikle paha bi\u00e7ilemez. Lallaluna An\u0131 Defteri ile \u00e7ocu\u011funuzun favori yazar\u0131 siz olun. Onun hat\u0131rlayamayaca\u011f\u0131 an\u0131lar\u0131, hikayeleri ve yolculu\u011funuzu anlat\u0131n. Hadi mumunuzu yak\u0131n, \u015eimdi anlatma s\u0131ras\u0131 sizde&#8230;<\/li>\n<\/ul>","protected":false},"excerpt":{"rendered":"<p>De\u011ferli M\u00fc\u015fterimiz, Lallaluna Ailesine ho\u015f geldiniz! Daha sonra hat\u0131rlamak isteyece\u011finiz en de\u011ferli an\u0131lar\u0131n\u0131z\u0131 g\u00fcvende tutmak i\u00e7in bu kez de Lallaluna<\/p>","protected":false},"featured_media":7647,"comment_status":"open","ping_status":"closed","template":"","meta":{"spay_email":""},"class_list":["post-7642","product","type-product","status-publish","has-post-thumbnail","hentry","product_cat-ani-defterleri"],"yoast_head":"<!-- This site is optimized with the Yoast SEO plugin v15.6.2 - https:\/\/yoast.com\/wordpress\/plugins\/seo\/ -->\n<title>Bebek An\u0131 Defteri - Mavi | Lallaluna<\/title>\n<meta name=\"robots\" content=\"index, follow, max-snippet:-1, max-image-preview:large, max-video-preview:-1\" \/>\n<link rel=\"canonical\" href=\"https:\/\/lallaluna.com\/en\/product\/bebek-ani-defteri-mavi\/\" \/>\n<meta property=\"og:locale\" content=\"en_US\" \/>\n<meta property=\"og:type\" content=\"article\" \/>\n<meta property=\"og:title\" content=\"Bebek An\u0131 Defteri - Mavi | Lallaluna\" \/>\n<meta property=\"og:description\" content=\"De\u011ferli M\u00fc\u015fterimiz, Lallaluna Ailesine ho\u015f geldiniz! Daha sonra hat\u0131rlamak isteyece\u011finiz en de\u011ferli an\u0131lar\u0131n\u0131z\u0131 g\u00fcvende tutmak i\u00e7in bu kez de Lallaluna\" \/>\n<meta property=\"og:url\" content=\"https:\/\/lallaluna.com\/en\/product\/bebek-ani-defteri-mavi\/\" \/>\n<meta property=\"og:site_name\" content=\"Lallaluna\" \/>\n<meta property=\"article:modified_time\" content=\"2024-11-28T09:19:41+00:00\" \/>\n<meta property=\"og:image\" content=\"https:\/\/lallaluna.com\/wp-content\/uploads\/2024\/03\/DSCF3693-copy-scaled.jpg\" \/>\n\t<meta property=\"og:image:width\" content=\"1707\" \/>\n\t<meta property=\"og:image:height\" content=\"2560\" \/>\n<meta name=\"twitter:card\" content=\"summary_large_image\" \/>\n<meta name=\"twitter:label1\" content=\"Est. reading time\">\n\t<meta name=\"twitter:data1\" content=\"1 minute\">\n<script type=\"application\/ld+json\" class=\"yoast-schema-graph\">{\"@context\":\"https:\/\/schema.org\",\"@graph\":[{\"@type\":\"WebSite\",\"@id\":\"https:\/\/lallaluna.com\/en\/#website\",\"url\":\"https:\/\/lallaluna.com\/en\/\",\"name\":\"Lallaluna\",\"description\":\"\",\"potentialAction\":[{\"@type\":\"SearchAction\",\"target\":\"https:\/\/lallaluna.com\/en\/?s={search_term_string}\",\"query-input\":\"required name=search_term_string\"}],\"inLanguage\":\"en-US\"},{\"@type\":\"ImageObject\",\"@id\":\"https:\/\/lallaluna.com\/en\/product\/bebek-ani-defteri-mavi\/#primaryimage\",\"inLanguage\":\"en-US\",\"url\":\"https:\/\/lallaluna.com\/wp-content\/uploads\/2024\/03\/DSCF3693-copy-scaled.jpg\",\"width\":1707,\"height\":2560},{\"@type\":\"WebPage\",\"@id\":\"https:\/\/lallaluna.com\/en\/product\/bebek-ani-defteri-mavi\/#webpage\",\"url\":\"https:\/\/lallaluna.com\/en\/product\/bebek-ani-defteri-mavi\/\",\"name\":\"Bebek An\\u0131 Defteri - Mavi | Lallaluna\",\"isPartOf\":{\"@id\":\"https:\/\/lallaluna.com\/en\/#website\"},\"primaryImageOfPage\":{\"@id\":\"https:\/\/lallaluna.com\/en\/product\/bebek-ani-defteri-mavi\/#primaryimage\"},\"datePublished\":\"2024-03-05T08:53:16+00:00\",\"dateModified\":\"2024-11-28T09:19:41+00:00\",\"inLanguage\":\"en-US\",\"potentialAction\":[{\"@type\":\"ReadAction\",\"target\":[\"https:\/\/lallaluna.com\/en\/product\/bebek-ani-defteri-mavi\/\"]}]}]}<\/script>\n<!-- \/ Yoast SEO plugin. -->","_links":{"self":[{"href":"https:\/\/lallaluna.com\/en\/wp-json\/wp\/v2\/product\/7642","targetHints":{"allow":["GET"]}}],"collection":[{"href":"https:\/\/lallaluna.com\/en\/wp-json\/wp\/v2\/product"}],"about":[{"href":"https:\/\/lallaluna.com\/en\/wp-json\/wp\/v2\/types\/product"}],"replies":[{"embeddable":true,"href":"https:\/\/lallaluna.com\/en\/wp-json\/wp\/v2\/comments?post=7642"}],"wp:featuredmedia":[{"embeddable":true,"href":"https:\/\/lallaluna.com\/en\/wp-json\/wp\/v2\/media\/7647"}],"wp:attachment":[{"href":"https:\/\/lallaluna.com\/en\/wp-json\/wp\/v2\/media?parent=7642"}],"curies":[{"name":"wp","href":"https:\/\/api.w.org\/{rel}","templated":true}]}}