{"id":7231,"date":"2020-11-04T17:41:22","date_gmt":"2020-11-04T14:41:22","guid":{"rendered":"http:\/\/lallaluna.com\/?post_type=product&#038;p=7231"},"modified":"2026-05-01T23:23:20","modified_gmt":"2026-05-01T20:23:20","slug":"keepsake-box-2","status":"publish","type":"product","link":"https:\/\/lallaluna.com\/en\/product\/keepsake-box-2\/","title":{"rendered":"Lallaluna Keepsake Box Blue"},"content":{"rendered":"<p>A baby's first memories are always important. It has always been very sad that these memories are under a bed or in a bag and disappear over the years.<\/p>\n<p>We believe that your most precious memories are worth preserving. That's why we created a box where you will always keep your baby's firsts safe.<\/p>\n<p>LALLALUNA KEEPSAKE BOX sayesinde bebe\u011finizin ilk an\u0131lar\u0131n\u0131 g\u00fcvende tutabilirsiniz. Hastane bilekli\u011fi, ilk ayakkab\u0131lar\u0131, ilk di\u015fi, en sevdi\u011fi ay\u0131s\u0131 ve \u00e7ok daha fazlas\u0131 g\u00fcvenli ve d\u00fczenli bir \u015fekilde haz\u0131rlad\u0131\u011f\u0131m\u0131z kutuda olacakt\u0131r. Kutumuzun tasar\u0131m\u0131 sayesinde, \u00f6zenerek haz\u0131rlad\u0131\u011f\u0131n\u0131z bebek odas\u0131na g\u00fczel bir uyum sa\u011flayacakt\u0131r.<\/p>\n<p>En de\u011fer verdi\u011finiz an\u0131lar\u0131 evinizin bir k\u00f6\u015fesine atman\u0131za gerek kalmad\u0131 veya baby shower i\u00e7in ne hediye alaca\u011f\u0131n\u0131z\u0131 d\u00fc\u015f\u00fcnmenize.<\/p>\n<p>Lallaluna Keepsake Box sayesinde en de\u011ferli an\u0131lar hep g\u00fcvende!<\/p>\n<p>*Sipari\u015f 2 g\u00fcn i\u00e7erisinde kargoya verilecektir.<\/p>\n<p>*\u00dcr\u00fcn \u00f6l\u00e7\u00fcleri: 39x13x30 \u00f6l\u00e7\u00fclerindedir.<\/p>\n<p>&nbsp;<\/p>","protected":false},"excerpt":{"rendered":"<p>LALLALUNA KEEPSAKE BOX sayesinde bebe\u011finizin ilk an\u0131lar\u0131n\u0131 g\u00fcvende tutabilirsiniz. Hastane bilekli\u011fi, ilk ayakkab\u0131lar\u0131, ilk di\u015fi, en sevdi\u011fi ay\u0131s\u0131 ve \u00e7ok daha fazlas\u0131 g\u00fcvenli ve d\u00fczenli bir \u015fekilde haz\u0131rlad\u0131\u011f\u0131m\u0131z kutuda olacakt\u0131r. Kutumuzun tasar\u0131m\u0131 sayesinde, \u00f6zenerek haz\u0131rlad\u0131\u011f\u0131n\u0131z bebek odas\u0131na g\u00fczel bir uyum sa\u011flayacakt\u0131r.<\/p>","protected":false},"featured_media":7514,"comment_status":"open","ping_status":"closed","template":"","meta":{"spay_email":""},"class_list":["post-7231","product","type-product","status-publish","has-post-thumbnail","hentry","product_cat-keepsake-box"],"yoast_head":"<!-- This site is optimized with the Yoast SEO plugin v15.6.2 - https:\/\/yoast.com\/wordpress\/plugins\/seo\/ -->\n<title>Lallaluna Keepsake Box Mavi | Lallaluna<\/title>\n<meta name=\"robots\" content=\"index, follow, max-snippet:-1, max-image-preview:large, max-video-preview:-1\" \/>\n<link rel=\"canonical\" href=\"https:\/\/lallaluna.com\/en\/product\/keepsake-box-2\/\" \/>\n<meta property=\"og:locale\" content=\"en_US\" \/>\n<meta property=\"og:type\" content=\"article\" \/>\n<meta property=\"og:title\" content=\"Lallaluna Keepsake Box Mavi | Lallaluna\" \/>\n<meta property=\"og:description\" content=\"LALLALUNA KEEPSAKE BOX sayesinde bebe\u011finizin ilk an\u0131lar\u0131n\u0131 g\u00fcvende tutabilirsiniz. Hastane bilekli\u011fi, ilk ayakkab\u0131lar\u0131, ilk di\u015fi, en sevdi\u011fi ay\u0131s\u0131 ve \u00e7ok daha fazlas\u0131 g\u00fcvenli ve d\u00fczenli bir \u015fekilde haz\u0131rlad\u0131\u011f\u0131m\u0131z kutuda olacakt\u0131r. Kutumuzun tasar\u0131m\u0131 sayesinde, \u00f6zenerek haz\u0131rlad\u0131\u011f\u0131n\u0131z bebek odas\u0131na g\u00fczel bir uyum sa\u011flayacakt\u0131r.\" \/>\n<meta property=\"og:url\" content=\"https:\/\/lallaluna.com\/en\/product\/keepsake-box-2\/\" \/>\n<meta property=\"og:site_name\" content=\"Lallaluna\" \/>\n<meta property=\"article:modified_time\" content=\"2026-05-01T20:23:20+00:00\" \/>\n<meta property=\"og:image\" content=\"https:\/\/lallaluna.com\/wp-content\/uploads\/2020\/11\/Untitled-design-2021-02-01T144314.522.png\" \/>\n\t<meta property=\"og:image:width\" content=\"1080\" \/>\n\t<meta property=\"og:image:height\" content=\"1080\" \/>\n<meta name=\"twitter:card\" content=\"summary_large_image\" \/>\n<meta name=\"twitter:label1\" content=\"Est. reading time\">\n\t<meta name=\"twitter:data1\" content=\"1 minute\">\n<script type=\"application\/ld+json\" class=\"yoast-schema-graph\">{\"@context\":\"https:\/\/schema.org\",\"@graph\":[{\"@type\":\"WebSite\",\"@id\":\"https:\/\/lallaluna.com\/en\/#website\",\"url\":\"https:\/\/lallaluna.com\/en\/\",\"name\":\"Lallaluna\",\"description\":\"\",\"potentialAction\":[{\"@type\":\"SearchAction\",\"target\":\"https:\/\/lallaluna.com\/en\/?s={search_term_string}\",\"query-input\":\"required name=search_term_string\"}],\"inLanguage\":\"en-US\"},{\"@type\":\"ImageObject\",\"@id\":\"https:\/\/lallaluna.com\/en\/product\/keepsake-box-2\/#primaryimage\",\"inLanguage\":\"en-US\",\"url\":\"https:\/\/lallaluna.com\/wp-content\/uploads\/2020\/11\/Untitled-design-2021-02-01T144314.522.png\",\"width\":1080,\"height\":1080},{\"@type\":\"WebPage\",\"@id\":\"https:\/\/lallaluna.com\/en\/product\/keepsake-box-2\/#webpage\",\"url\":\"https:\/\/lallaluna.com\/en\/product\/keepsake-box-2\/\",\"name\":\"Lallaluna Keepsake Box Mavi | Lallaluna\",\"isPartOf\":{\"@id\":\"https:\/\/lallaluna.com\/en\/#website\"},\"primaryImageOfPage\":{\"@id\":\"https:\/\/lallaluna.com\/en\/product\/keepsake-box-2\/#primaryimage\"},\"datePublished\":\"2020-11-04T14:41:22+00:00\",\"dateModified\":\"2026-05-01T20:23:20+00:00\",\"inLanguage\":\"en-US\",\"potentialAction\":[{\"@type\":\"ReadAction\",\"target\":[\"https:\/\/lallaluna.com\/en\/product\/keepsake-box-2\/\"]}]}]}<\/script>\n<!-- \/ Yoast SEO plugin. -->","_links":{"self":[{"href":"https:\/\/lallaluna.com\/en\/wp-json\/wp\/v2\/product\/7231","targetHints":{"allow":["GET"]}}],"collection":[{"href":"https:\/\/lallaluna.com\/en\/wp-json\/wp\/v2\/product"}],"about":[{"href":"https:\/\/lallaluna.com\/en\/wp-json\/wp\/v2\/types\/product"}],"replies":[{"embeddable":true,"href":"https:\/\/lallaluna.com\/en\/wp-json\/wp\/v2\/comments?post=7231"}],"wp:featuredmedia":[{"embeddable":true,"href":"https:\/\/lallaluna.com\/en\/wp-json\/wp\/v2\/media\/7514"}],"wp:attachment":[{"href":"https:\/\/lallaluna.com\/en\/wp-json\/wp\/v2\/media?parent=7231"}],"curies":[{"name":"wp","href":"https:\/\/api.w.org\/{rel}","templated":true}]}}