{"id":850,"date":"2017-07-13T07:19:33","date_gmt":"2017-07-13T07:19:33","guid":{"rendered":"http:\/\/dummy.xtemos.com\/woodmart\/demos\/?page_id=850"},"modified":"2021-01-14T12:33:47","modified_gmt":"2021-01-14T09:33:47","slug":"hakkimizda","status":"publish","type":"page","link":"https:\/\/lallaluna.com\/en\/hakkimizda\/","title":{"rendered":"About Us"},"content":{"rendered":"<div data-vc-full-width=\"true\" data-vc-full-width-init=\"false\" data-vc-stretch-content=\"true\" class=\"vc_row wpb_row vc_row-fluid vc_custom_1499679693574 vc_row-has-fill vc_row-no-padding vc_row-o-equal-height vc_row-flex\"><div class=\"wpb_column vc_column_container vc_col-sm-12 vc_col-lg-6 vc_col-md-12 vc_col-xs-12\"><div class=\"vc_column-inner vc_custom_1497520246521\"><div class=\"wpb_wrapper\">\t\t<div id=\"gallery_231\" class=\"woodmart-images-gallery gallery-halign-center gallery-valign-middle view-grid photoswipe-images\" >\n\t\t\t<div class=\"gallery-images row woodmart-spacing-2\">\n\t\t\t\t\t\t\t\t\t\t\t\t\t\t\t<div class=\"woodmart-gallery-item col-12\">\n\t\t\t\t\t\t\t\t\t\t\t\t\t\t<a href=\"https:\/\/lallaluna.com\/wp-content\/uploads\/2021\/01\/IMG_6836-copy.jpg\" data-elementor-open-lightbox=\"no\" data-index=\"1\" data-width=\"1920\" data-height=\"1280\"  >\n\t\t\t\t\t\t\t\t\t\t\t\t\t\t\t\t\n\t\t\t\t\t\t\t\t\t\t\t\t\t\t\t\t\t<img loading=\"lazy\" decoding=\"async\" class=\"woodmart-gallery-image image-1\" src=\"https:\/\/lallaluna.com\/wp-content\/uploads\/2021\/01\/IMG_6836-copy-1200x1000.jpg\" width=\"1200\" height=\"1000\" alt=\"IMG_6836 copy\" title=\"IMG_6836 copy\" \/>\t\t\t\t\t\t\t\t\t\t\t\t\t\t\t\t\n\t\t\t\t\t\t\t\t\n\t\t\t\t\t\t\t\t\t\t\t\t\t\t\t<\/a>\n\t\t\t\t\t\t\t\t\t\t\t\t<\/div>\n\t\t\t\t\t\t\t\t\t\t\t<div class=\"woodmart-gallery-item col-12\">\n\t\t\t\t\t\t\t\t\t\t\t\t\t\t<a href=\"https:\/\/lallaluna.com\/wp-content\/uploads\/2021\/01\/IMG_6831-copy.jpg\" data-elementor-open-lightbox=\"no\" data-index=\"2\" data-width=\"1920\" data-height=\"1280\"  >\n\t\t\t\t\t\t\t\t\t\t\t\t\t\t\t\t\n\t\t\t\t\t\t\t\t\t\t\t\t\t\t\t\t\t<img loading=\"lazy\" decoding=\"async\" class=\"woodmart-gallery-image image-2\" src=\"https:\/\/lallaluna.com\/wp-content\/uploads\/2021\/01\/IMG_6831-copy-1200x1000.jpg\" width=\"1200\" height=\"1000\" alt=\"IMG_6831 copy\" title=\"IMG_6831 copy\" \/>\t\t\t\t\t\t\t\t\t\t\t\t\t\t\t\t\n\t\t\t\t\t\t\t\t\n\t\t\t\t\t\t\t\t\t\t\t\t\t\t\t<\/a>\n\t\t\t\t\t\t\t\t\t\t\t\t<\/div>\n\t\t\t\t\t\t\t\t\t\t\t\t<\/div>\n\t\t<\/div>\n\t\t\t\t<\/div><\/div><\/div><div class=\"wpb_column vc_column_container vc_col-sm-12 vc_col-lg-5 vc_col-md-8 vc_col-xs-12 woodmart-sticky-column\"><div class=\"vc_column-inner vc_custom_1499677904738\"><div class=\"wpb_wrapper\"><p style=\"font-size: 18px;color: #a3a3a3;text-align: left\" class=\"vc_custom_heading vc_custom_1605371741970\" >Lallaluna<\/p>\t\t\n\t\t<div id=\"wd-5fb439c46bf68\" class=\"title-wrapper  woodmart-title-color-default woodmart-title-style-default woodmart-title-width-100 text-left woodmart-title-size-medium vc_custom_1605646805001\">\n\t\t\t\t\t\t\n\t\t\t<div class=\"liner-continer\">\n\t\t\t\t<span class=\"left-line\"><\/span>\n\t\t\t\t<h4 class=\"woodmart-title-container title  woodmart-font-weight-\" >About Us<\/h4>\t\t\t\t\t\t\t\t<span class=\"right-line\"><\/span>\n\t\t\t<\/div>\n\t\t\t\n\t\t\t\t\t\t\n\t\t\t\t\t<\/div>\n\t\t\n\t\t\n\t<div class=\"wpb_text_column wpb_content_element\" >\n\t\t<div class=\"wpb_wrapper\">\n\t\t\t<p>Do\u011fduklar\u0131 ilk andan itibaren bebeklerimizin an\u0131lar\u0131 korumak i\u00e7in, sa\u011fl\u0131kl\u0131 bir ya\u015fam s\u00fcrmeleri i\u00e7in, daha iyi oyunlar oynamalar\u0131 ve onlar\u0131 geli\u015ftirmek i\u00e7in elimizden geleni yap\u0131yoruz.<\/p>\n<p>Peki daha iyisiniz nas\u0131l yapar\u0131z?<\/p>\n<p>All Lallaluna branded products have been produced with the idea of always doing better for babies and children.<\/p>\n<p>Bu temel d\u00fc\u015f\u00fcnceden yola \u00e7\u0131karak markam\u0131z\u0131 geli\u015ftirmeye ve bebekleriniz i\u00e7in hep en iyisini yapmay\u0131 ama\u00e7l\u0131yoruz. \u00c7\u00fcnk\u00fc bu d\u00fcnyay\u0131 ya\u015famaya de\u011fer k\u0131lan en g\u00fczel anlardan biri bir bebe\u011fin g\u00fcl\u00fcmsemesidir.<\/p>\n\n\t\t<\/div>\n\t<\/div>\n<\/div><\/div><\/div><\/div><div class=\"vc_row-full-width vc_clearfix\"><\/div><div data-vc-full-width=\"true\" data-vc-full-width-init=\"false\" data-vc-stretch-content=\"true\" class=\"vc_row wpb_row vc_row-fluid vc_custom_1499681239398 vc_row-no-padding vc_row-o-equal-height vc_row-flex\"><div class=\"wpb_column vc_column_container vc_col-sm-12 vc_col-lg-offset-1 vc_col-lg-5 vc_col-md-offset-1 vc_col-md-8 vc_col-xs-12 woodmart-sticky-column\"><div class=\"vc_column-inner vc_custom_1499679948409\"><div class=\"wpb_wrapper\"><p style=\"font-size: 18px;color: #a3a3a3;text-align: left\" class=\"vc_custom_heading vc_custom_1605371900855\" >Payla\u015fman\u0131n \u00f6nemi<\/p>\t\t\n\t\t<div id=\"wd-5fb43aba9654f\" class=\"title-wrapper  woodmart-title-color-default woodmart-title-style-default woodmart-title-width-100 text-left woodmart-title-size-medium vc_custom_1605647042336\">\n\t\t\t\t\t\t\n\t\t\t<div class=\"liner-continer\">\n\t\t\t\t<span class=\"left-line\"><\/span>\n\t\t\t\t<h4 class=\"woodmart-title-container title  woodmart-font-weight-\" >Sosyal Sorumluluk<\/h4>\t\t\t\t\t\t\t\t<span class=\"right-line\"><\/span>\n\t\t\t<\/div>\n\t\t\t\n\t\t\t\t\t\t\n\t\t\t\t\t<\/div>\n\t\t\n\t\t\n\t<div class=\"wpb_text_column wpb_content_element vc_custom_1605647070816 text-larger\" >\n\t\t<div class=\"wpb_wrapper\">\n\t\t\t<p>Markam\u0131z\u0131 olu\u015fturmaya ba\u015flad\u0131\u011f\u0131m\u0131z ilk zamandan beri ve t\u00fcm s\u00fcre\u00e7 boyunca \u00e7e\u015fitli de\u011fi\u015fiklikler yapt\u0131k. Bu s\u00fcre\u00e7te bizden hi\u00e7 ayr\u0131lmayan tek bir d\u00fc\u015f\u00fcnce oldu: Almak kadar vermek de \u00f6nemli. Bu d\u00fc\u015f\u00fcnce do\u011frultusunda ayl\u0131k gelirimizin bir k\u0131sm\u0131n\u0131 derneklere ba\u011f\u0131\u015flamaya karar verdik.<\/p>\n\n\t\t<\/div>\n\t<\/div>\n<\/div><\/div><\/div><div class=\"wpb_column vc_column_container vc_col-sm-12 vc_col-lg-6 vc_col-md-12 vc_col-xs-12\"><div class=\"vc_column-inner vc_custom_1499679370599\"><div class=\"wpb_wrapper\">\t\t<div id=\"gallery_873\" class=\"woodmart-images-gallery view-grid photoswipe-images\" >\n\t\t\t<div class=\"gallery-images row woodmart-spacing-2\">\n\t\t\t\t\t\t\t\t\t\t\t\t\t\t\t<div class=\"woodmart-gallery-item col-12\">\n\t\t\t\t\t\t\t\t\t\t\t\t\t\t<a href=\"https:\/\/lallaluna.com\/wp-content\/uploads\/2020\/11\/pexels-pixabay-461049.jpg\" data-elementor-open-lightbox=\"no\" data-index=\"1\" data-width=\"2000\" data-height=\"1620\"  >\n\t\t\t\t\t\t\t\t\t\t\t\t\t\t\t\t\n\t\t\t\t\t\t\t\t\t\t\t\t\t\t\t\t\t<img loading=\"lazy\" decoding=\"async\" class=\"woodmart-gallery-image image-1\" src=\"https:\/\/lallaluna.com\/wp-content\/uploads\/2020\/11\/pexels-pixabay-461049-1200x1000.jpg\" width=\"1200\" height=\"1000\" alt=\"pexels-pixabay-461049\" title=\"pexels-pixabay-461049\" \/>\t\t\t\t\t\t\t\t\t\t\t\t\t\t\t\t\n\t\t\t\t\t\t\t\t\n\t\t\t\t\t\t\t\t\t\t\t\t\t\t\t<\/a>\n\t\t\t\t\t\t\t\t\t\t\t\t<\/div>\n\t\t\t\t\t\t\t\t\t\t\t\t<\/div>\n\t\t<\/div>\n\t\t\t\t<\/div><\/div><\/div><\/div><div class=\"vc_row-full-width vc_clearfix\"><\/div>","protected":false},"excerpt":{"rendered":"Lallaluna Hakk\u0131m\u0131zda Do\u011fduklar\u0131 ilk andan itibaren bebeklerimizin an\u0131lar\u0131 korumak i\u00e7in, sa\u011fl\u0131kl\u0131 bir ya\u015fam s\u00fcrmeleri i\u00e7in, daha iyi oyunlar oynamalar\u0131 ve","protected":false},"author":1,"featured_media":0,"parent":0,"menu_order":0,"comment_status":"closed","ping_status":"closed","template":"","meta":{"spay_email":"","footnotes":""},"class_list":["post-850","page","type-page","status-publish","hentry"],"yoast_head":"<!-- This site is optimized with the Yoast SEO plugin v15.6.2 - https:\/\/yoast.com\/wordpress\/plugins\/seo\/ -->\n<title>Hakk\u0131m\u0131zda | Lallaluna<\/title>\n<meta name=\"robots\" content=\"index, follow, max-snippet:-1, max-image-preview:large, max-video-preview:-1\" \/>\n<link rel=\"canonical\" href=\"https:\/\/lallaluna.com\/en\/hakkimizda\/\" \/>\n<meta property=\"og:locale\" content=\"en_US\" \/>\n<meta property=\"og:type\" content=\"article\" \/>\n<meta property=\"og:title\" content=\"Hakk\u0131m\u0131zda | Lallaluna\" \/>\n<meta property=\"og:url\" content=\"https:\/\/lallaluna.com\/en\/hakkimizda\/\" \/>\n<meta property=\"og:site_name\" content=\"Lallaluna\" \/>\n<meta property=\"article:modified_time\" content=\"2021-01-14T09:33:47+00:00\" \/>\n<meta name=\"twitter:card\" content=\"summary_large_image\" \/>\n<meta name=\"twitter:label1\" content=\"Est. reading time\">\n\t<meta name=\"twitter:data1\" content=\"2 minutes\">\n<script type=\"application\/ld+json\" class=\"yoast-schema-graph\">{\"@context\":\"https:\/\/schema.org\",\"@graph\":[{\"@type\":\"WebSite\",\"@id\":\"https:\/\/lallaluna.com\/en\/#website\",\"url\":\"https:\/\/lallaluna.com\/en\/\",\"name\":\"Lallaluna\",\"description\":\"\",\"potentialAction\":[{\"@type\":\"SearchAction\",\"target\":\"https:\/\/lallaluna.com\/en\/?s={search_term_string}\",\"query-input\":\"required name=search_term_string\"}],\"inLanguage\":\"en-US\"},{\"@type\":\"WebPage\",\"@id\":\"https:\/\/lallaluna.com\/en\/hakkimizda\/#webpage\",\"url\":\"https:\/\/lallaluna.com\/en\/hakkimizda\/\",\"name\":\"Hakk\\u0131m\\u0131zda | Lallaluna\",\"isPartOf\":{\"@id\":\"https:\/\/lallaluna.com\/en\/#website\"},\"datePublished\":\"2017-07-13T07:19:33+00:00\",\"dateModified\":\"2021-01-14T09:33:47+00:00\",\"inLanguage\":\"en-US\",\"potentialAction\":[{\"@type\":\"ReadAction\",\"target\":[\"https:\/\/lallaluna.com\/en\/hakkimizda\/\"]}]}]}<\/script>\n<!-- \/ Yoast SEO plugin. -->","_links":{"self":[{"href":"https:\/\/lallaluna.com\/en\/wp-json\/wp\/v2\/pages\/850","targetHints":{"allow":["GET"]}}],"collection":[{"href":"https:\/\/lallaluna.com\/en\/wp-json\/wp\/v2\/pages"}],"about":[{"href":"https:\/\/lallaluna.com\/en\/wp-json\/wp\/v2\/types\/page"}],"author":[{"embeddable":true,"href":"https:\/\/lallaluna.com\/en\/wp-json\/wp\/v2\/users\/1"}],"replies":[{"embeddable":true,"href":"https:\/\/lallaluna.com\/en\/wp-json\/wp\/v2\/comments?post=850"}],"version-history":[{"count":6,"href":"https:\/\/lallaluna.com\/en\/wp-json\/wp\/v2\/pages\/850\/revisions"}],"predecessor-version":[{"id":7377,"href":"https:\/\/lallaluna.com\/en\/wp-json\/wp\/v2\/pages\/850\/revisions\/7377"}],"wp:attachment":[{"href":"https:\/\/lallaluna.com\/en\/wp-json\/wp\/v2\/media?parent=850"}],"curies":[{"name":"wp","href":"https:\/\/api.w.org\/{rel}","templated":true}]}}