{"id":7145,"date":"2020-11-04T14:32:15","date_gmt":"2020-11-04T11:32:15","guid":{"rendered":"http:\/\/lallaluna.com\/?page_id=7145"},"modified":"2020-11-05T12:06:10","modified_gmt":"2020-11-05T09:06:10","slug":"gizlilik-politikasi","status":"publish","type":"page","link":"https:\/\/lallaluna.com\/en\/gizlilik-politikasi\/","title":{"rendered":"Our Privacy Policy"},"content":{"rendered":"<div class=\"vc_row wpb_row vc_row-fluid\"><div class=\"wpb_column vc_column_container vc_col-sm-12\"><div class=\"vc_column-inner\"><div class=\"wpb_wrapper\">\n\t<div class=\"wpb_text_column wpb_content_element\" >\n\t\t<div class=\"wpb_wrapper\">\n\t\t\t<p>\u00dcyelerimizin\/m\u00fc\u015fterilerimizin www.lallaluna.com sitemize (\u201cSitemiz\u201d) vermi\u015f oldu\u011fu bilgilerin gizlili\u011fi, korunmas\u0131 ve ilgili di\u011fer hususlarda a\u015fa\u011f\u0131da cari kurallar\u0131 belirtilen Gizlilik Politikas\u0131 benimsenmi\u015ftir.<\/p>\n<p>Sitemize girilen bilgilerin ve i\u015flemlerin g\u00fcvenli\u011fi i\u00e7in gerekli \u00f6nlemler, bilgi ve i\u015flemin mahiyetine g\u00f6re LALLALUNA ve\/veya ilgili Kart Kurulu\u015flar\u0131nca sistem ve internet altyap\u0131s\u0131 \u00fczerinde al\u0131nm\u0131\u015ft\u0131r. T\u00fcm kredi kart\u0131 i\u015flemleri ve onaylar\u0131 taraf\u0131m\u0131zdan ba\u011f\u0131ms\u0131z olarak, ilgili Banka ve benzeri Kart Kurulu\u015flar\u0131\u2019nca online olarak aran\u0131zda ger\u00e7ekle\u015ftirilmektedir. Kredi kart\u0131 \u015fifresi gibi bilgiler LALLALUNA taraf\u0131ndan g\u00f6r\u00fclmez ve kaydedilmez.<\/p>\n<p>M\u00fc\u015fterilerimizin Sitemize \u00fcyelik, \u00fcr\u00fcn\/hizmet sat\u0131n alma ve bilgi g\u00fcncelleme ama\u00e7l\u0131 girdikleri bilgiler, \u00f6zellikle kredi kart\u0131 ve banka kartlar\u0131na ait gizli bilgiler di\u011fer internet kullan\u0131c\u0131lar\u0131 taraf\u0131ndan g\u00f6r\u00fcnt\u00fclenemez.<\/p>\n<p>\u00dcyelerimize\/M\u00fc\u015fterilerimize ait bilgiler, yasal d\u00fczenlemelerin \u00f6ng\u00f6rd\u00fc\u011f\u00fc sorumluluklar\u0131m\u0131z \u00e7er\u00e7evesinde ilgili kurulu\u015flara a\u00e7\u0131klanabilir. Ayr\u0131ca \u00fcyelikleri ve\/veya al\u0131\u015fveri\u015fleri s\u0131ras\u0131nda vermi\u015f olduklar\u0131 ileti\u015fim bilgileri ve di\u011fer bilgiler Sitemize \u00fcyelik i\u015flemlerinizin yap\u0131lmas\u0131, g\u00fcncellenmesi, muhtelif \u00fcr\u00fcn\/hizmetlerin LALLALUNA ile i\u015f ortaklar\u0131 ve tedarik\u00e7ileri taraf\u0131ndan verilebilmesi\/sat\u0131m\u0131, \u00fcr\u00fcn\/hizmet \u00fccret-masraf\u0131 tahsilatlar\u0131 ve \u00e7e\u015fitli tan\u0131t\u0131m, reklam, promosyon, ileti\u015fim, sat\u0131\u015f ve kartland\u0131rma uygulamalar\u0131 i\u00e7in s\u00fcresiz olarak kayda al\u0131nabilir, LALLALUNA ve belirtilen kurulu\u015flar nezdinde saklanabilir, i\u015flenebilir, gerekli g\u00f6r\u00fclen hallerde-yerlerde payla\u015f\u0131labilir ve kullan\u0131labilir.<\/p>\n<p>\u00dcyelerimiz\/M\u00fc\u015fterilerimiz Sitemiz\u2019de kendileri hakk\u0131nda hangi bilgilerin saklanm\u0131\u015f oldu\u011funu \u00f6\u011frenmek i\u00e7in \u00fccretsiz olarak yaz\u0131l\u0131 bilgi talep edebilirler. Olas\u0131 d\u00fczeltmeler, engellemeler veya bilgilerin silinmesi hakk\u0131ndaki talepleriniz yasalar\u0131n \u00f6ng\u00f6rd\u00fc\u011f\u00fc \u00f6l\u00e7\u00fcde derhal i\u015fleme al\u0131nmaktad\u0131r. Sitemizin di\u011fer internet-web sitelerine ba\u011flant\u0131 verdi\u011fi hallerde t\u00fcm kullan\u0131m ve i\u015flemler i\u00e7in o sitelere ait gizlilik-g\u00fcvenlik politikas\u0131 ve kullan\u0131m \u015fartlar\u0131 ge\u00e7erlidir; Sitemizden reklam, banner, i\u00e7erik g\u00f6rmek veya ba\u015fka herhangi bir ama\u00e7 ile ula\u015f\u0131lan di\u011fer web sitelerinden bilgi kullan\u0131mlar\u0131, keza sitelerin etik ilkeleri, gizlilik-g\u00fcvenlik prensipleri, servis kalitesi ve di\u011fer uygulamalar\u0131 sebebi ile olu\u015fabilecek ihtilaf, maddi-manevi zarar ve kay\u0131plardan LALLALUNA sorumlu de\u011fildir. Bilgilerin korunmas\u0131 ve g\u00fcvenli\u011fi hakk\u0131nda her t\u00fcrl\u00fc sorunuz i\u00e7in info@lallaluna.com e-posta adresimizi kullanarak bize ula\u015fabilirsiniz.<\/p>\n<p><strong>Kredi Kart\u0131 G\u00fcvenli\u011fi<\/strong><\/p>\n<p>\u00dcyelere ait kredi kart\u0131 bilgileri, \u015fifreler, kart numaralar\u0131 ve sair hususlar 128 bit \u015fifreleme sistemi ile \u015fifrelendirilip LALLALUNA ara y\u00fcz\u00fc arac\u0131l\u0131\u011f\u0131 ile i\u015flem yap\u0131lan bankaya y\u00f6nlendirilir, bu a\u015famada bilgiler LALLALUNA\u2019a ait veri taban\u0131nda depolanmaz, verilere sadece \u00fcye ve banka eri\u015febilir.<\/p>\n<p>\u0130\u015flemler s\u00fcrecine girildi\u011finde \u00fcyelerin, kullan\u0131c\u0131lar\u0131n g\u00fcvenli bir sitede olduklar\u0131n\u0131 anlamak i\u00e7in; \u00fcyenin kulland\u0131\u011f\u0131 taray\u0131c\u0131n\u0131n\u0131n en alt sat\u0131r\u0131nda bulunan bir anahtar ya da kilit simgesini g\u00f6rmeleri gereklidir. Bu g\u00fcvenli bir internet sayfas\u0131nda bulunuldu\u011funu g\u00f6sterir ve her t\u00fcrl\u00fc bilgi \u015fifrelenerek korunur. Bu bilgiler, ancak sat\u0131\u015f i\u015flemleri s\u00fcrecine ba\u011fl\u0131 olarak ve \u00fcyenin verdi\u011fi talimat do\u011frultusunda kullan\u0131l\u0131r.<\/p>\n<p>Al\u0131\u015fveri\u015f s\u0131ras\u0131nda kullan\u0131lan kredi kart\u0131 ile ilgili bilgiler al\u0131\u015fveri\u015f sitesinden ba\u011f\u0131ms\u0131z olarak Rapid taraf\u0131ndan 128 bit SSL (Secure Sockets Layer) protokol\u00fc ile \u015fifrelenip sorgulanmak \u00fczere ilgili bankaya ula\u015ft\u0131r\u0131l\u0131r. Kart\u0131n kullan\u0131labilirli\u011fi onayland\u0131\u011f\u0131 takdirde al\u0131\u015fveri\u015fe devam edilir. Kartla ilgili hi\u00e7bir bilgi LALLALUNA taraf\u0131ndan g\u00f6r\u00fcnt\u00fclenemedi\u011finden ve kaydedilmedi\u011finden, \u00fc\u00e7\u00fcnc\u00fc \u015fah\u0131slar\u0131n herhangi bir ko\u015fulda bu bilgileri ele ge\u00e7irmesi engellenmi\u015f olur. Online olarak kredi kart\u0131 ile verilen sipari\u015flerin \u00f6deme\/fatura\/teslimat adresi bilgilerinin g\u00fcvenilirli\u011fi ve bu bilgilerin kontrol\u00fc i\u00e7in gerekirse kredi kart\u0131 sahibi m\u00fc\u015fteri ile veya ilgili banka ile irtibata ge\u00e7ilmektedir. SSL sertifikal\u0131 online al\u0131\u015fveri\u015f sitemiz, T\u00fcrkiye\u2019nin \u00f6nde gelen bankalar\u0131n\u0131n sanal POS altyap\u0131lar\u0131n\u0131 kullanmaktad\u0131r.<\/p>\n<p>M\u00fc\u015fterilerin\/\u00fcye ve kullan\u0131c\u0131lar\u0131n sisteme ve e-ticaret sitemize iletti\u011fi bilgilerin nerede ve nas\u0131l sakland\u0131\u011f\u0131n\u0131 \u00f6\u011frenmek i\u00e7in info@lallaluna.com mail adresinden mesai saatleri i\u00e7erisinde, resmi ve dini bayram ve tatil g\u00fcnleri d\u0131\u015f\u0131nda bilgi alabilirler, yaz\u0131l\u0131 talepte bulunabilirler.<\/p>\n<p>Sitemizi ziyaret etmeniz ve bu site arac\u0131l\u0131\u011f\u0131yla sundu\u011fumuz hizmetlerden yararlanman\u0131z s\u0131ras\u0131nda size ve talep etti\u011finiz hizmetlere ili\u015fkin olarak elde etti\u011fimiz bilgilerin ne \u015fekilde i\u015flenece\u011fi ve kullan\u0131laca\u011f\u0131 a\u015fa\u011f\u0131daki \u201c\u0130nternet Gizlilik Politikas\u0131\u201dnda belirtilen \u015fartlara tabidir. Sitemizi ziyaret ederek ve bu site vas\u0131tas\u0131yla sundu\u011fumuz hizmetlerden yararlanmay\u0131 talep ederek a\u015fa\u011f\u0131daki \u201c\u0130nternet Gizlilik Politikas\u0131\u201dnda belirtilen \u015fartlar\u0131 kabul etmektesiniz.<\/p>\n<p>Ki\u015fisel verilerinizi payla\u015fman\u0131z g\u00f6n\u00fcll\u00fcl\u00fck esas\u0131na dayanmaktad\u0131r. \u0130htiyac\u0131m\u0131z olan size ait ki\u015fisel verileri sa\u011flamaman\u0131z halinde, talep etmi\u015f oldu\u011funuz \u00fcr\u00fcn\u00fc veya ihtiya\u00e7 duydu\u011funuz hizmeti size sa\u011flamam\u0131z m\u00fcmk\u00fcn olamayacakt\u0131r.<\/p>\n<ol>\n<li>Toplad\u0131\u011f\u0131m\u0131z Bilgi T\u00fcrleri ve Toplan\u0131\u015f \u015eekli:<\/li>\n<\/ol>\n<p>LALLALUNA yaln\u0131zca sizin taraf\u0131n\u0131zdan sa\u011flanan bilgileri toplar. Bu bilgiler ad, soyad, adres ve elektronik posta\/mail adresinizi, Facebook ve Google kullan\u0131c\u0131 ad\u0131n\u0131z\u0131 kapsayan temel bilgilerdir. Ki\u015fisel bilgileriniz herhangi bir sitemize \u00fcye oldu\u011funuzda ya da uygulamalar\u0131m\u0131za ba\u011fland\u0131\u011f\u0131n\u0131zda sizlere h\u0131zl\u0131ca geri d\u00f6n\u00fc\u015f yapabilmek, yeni \u00fcr\u00fcnlerden ve kampanyalardan haberdar etmek amac\u0131 ile toplan\u0131r.<\/p>\n<ol start=\"2\">\n<li>Ki\u015fisel Bilgilerin Payla\u015f\u0131m\u0131:<\/li>\n<\/ol>\n<p>Elde edilen ki\u015fisel bilgileriniz \u201c\u0130nternet Gizlilik Politikas\u0131\u201dna uygun olarak talep etmi\u015f oldu\u011funuz \u00fcr\u00fcn veya ihtiya\u00e7 duydu\u011funuz hizmetin sa\u011flanabilmesi i\u00e7in LALLALUNA ve LALLALUNA\u2019un birlikte \u00e7al\u0131\u015f\u0131lan \u00fc\u00e7\u00fcnc\u00fc ki\u015filer ile payla\u015f\u0131lanabilir. Bu \u00fc\u00e7\u00fcnc\u00fc ki\u015filer sizlere daha iyi hizmet verebilmek ad\u0131na birlikte \u00e7al\u0131\u015ft\u0131\u011f\u0131m\u0131z; promosyon, teklif ve yar\u0131\u015fmalar haz\u0131rlad\u0131\u011f\u0131m\u0131z \u015firketler, taleplerinizi daha do\u011fru kar\u015f\u0131lamak ve teknik problemleri ortadan kald\u0131rabilmek ad\u0131na yard\u0131m\u0131n\u0131 ald\u0131\u011f\u0131m\u0131z tedarik\u00e7iler, pazarlama ve reklam i\u015flemlerimizi desteklemesi ve geli\u015ftirmesi i\u00e7in dan\u0131\u015ft\u0131\u011f\u0131m\u0131z ajanslard\u0131r. Bahsi ge\u00e7en eylemlerin ger\u00e7ekle\u015ftirilmesi i\u00e7in yaln\u0131zca LALLALUNA\u2019un izni oldu\u011fu s\u00fcrece bilgileriniz payla\u015f\u0131lacakt\u0131r. Bu bilgileri kullanacak olan kurumlar gizlilik politikas\u0131 ve veri korumas\u0131 gere\u011fince yaln\u0131zca belirtilen eylem i\u00e7in bilgilerinize ula\u015fabilecektir.<\/p>\n<p>Bizlere izin verdi\u011finiz s\u00fcrece LALLALUNA veya \u00e7al\u0131\u015ft\u0131\u011f\u0131m\u0131z kurumlardan yeni \u00fcr\u00fcnler, sat\u0131n alma teklifleri, indirim kuponlar\u0131, ilginizi \u00e7ekebilece\u011fini d\u00fc\u015f\u00fcnd\u00fc\u011f\u00fcm\u00fcz \u00f6zel haberler, bizleri anlatan ve sizinle payla\u015fmaktan mutlu oldu\u011fumuz geli\u015fmeler ve di\u011fer promosyonlar i\u00e7in sizlere elektronik posta\/mail g\u00f6nderilecektir.<\/p>\n<p>Say\u0131lan b\u00fct\u00fcn bu i\u015flemlerin ger\u00e7ekle\u015ftirilebilmesi i\u00e7in onay\u0131n\u0131z\u0131n al\u0131nm\u0131\u015f olmas\u0131 gerekmektedir. Bu \u201c\u0130nternet Gizlilik Politikas\u0131\u201d ile vermi\u015f oldu\u011funuz onay\u0131 her zaman geri alabilmek hakk\u0131na sahip bulunmaktas\u0131n\u0131z. \u0130lgili elektronik posta\/mail adresimize ataca\u011f\u0131n\u0131z ve onay\u0131n\u0131z\u0131 geri ald\u0131\u011f\u0131n\u0131z\u0131 ifade etti\u011finiz elektronik postan\u0131z\/mailiniz ile onay\u0131n\u0131z\u0131 geri alabilirsiniz.<\/p>\n<p>Ki\u015fisel verilerinizin \u015firketimizce i\u015flenmesi ve kullan\u0131lmas\u0131na onay vermenize dair karar\u0131n\u0131z\u0131 de\u011fi\u015ftirmeniz halinde \u00fcyeli\u011finizin iptalini de ger\u00e7ekle\u015ftirebilirsiniz.<\/p>\n<p>LALLALUNA, hukukun zorunlu k\u0131ld\u0131\u011f\u0131 ve yasal bir i\u015flem gerektiren hallerde www.lallaluna.com\u2019un b\u00fct\u00fcnl\u00fc\u011f\u00fcn\u00fc korumak, isteklerinizi en do\u011fru \u015fekilde kar\u015f\u0131lamak ve toplum g\u00fcvenli\u011fini korumak ad\u0131na yap\u0131lan ara\u015ft\u0131rmalarda do\u011fru bilgiyi sa\u011flamak ad\u0131na ki\u015fisel bilgilerinizi kullanma veya if\u015fa etme hakk\u0131na sahiptir. Ancak \u201c\u0130nternet Gizlilik Politikas\u0131\u201dnda belirtilen haller d\u0131\u015f\u0131nda bilgileriniz herhangi bir \u00fc\u00e7\u00fcnc\u00fc tarafla payla\u015f\u0131lmayacakt\u0131r.<\/p>\n<ol start=\"3\">\n<li>Ki\u015fisel Bilgilerinizin Do\u011frulu\u011fu:<\/li>\n<\/ol>\n<p>Kullan\u0131c\u0131 olarak verdi\u011finiz bilgilerin do\u011fru ve ge\u00e7erli oldu\u011funu, bu bilgiler ile ilgili herhangi bir de\u011fi\u015fikli\u011fin varl\u0131\u011f\u0131 halinde bunu yine taraf\u0131m\u0131za bildirece\u011finizi taahh\u00fct etmi\u015f bulunmaktas\u0131n\u0131z. Verilen bilgilerin do\u011fru ve ge\u00e7erli olmamas\u0131 sebebiyle herhangi bir zarar\u0131n veya hak kayb\u0131n\u0131n do\u011fmas\u0131 halinde kullan\u0131c\u0131 olarak sorumlu olacaks\u0131n\u0131z. Bu gibi hallerde \u015firketimize y\u00f6neltece\u011finiz talepte bulunman\u0131z m\u00fcmk\u00fcn olamayacakt\u0131r.<\/p>\n<ol start=\"4\">\n<li>Eri\u015fim:<\/li>\n<\/ol>\n<p>LALLALUNA\u2019a sa\u011flam\u0131\u015f oldu\u011funuz t\u00fcm bilgilerin kontrol\u00fc ve de\u011fi\u015ftirme hakk\u0131 elinizde bulunmaktad\u0131r. Veri taban\u0131m\u0131zda bulunan bilgileri de\u011fi\u015ftirmek istiyorsan\u0131z ya da ileti\u015fim detaylar\u0131n\u0131z ile ilgili yapmak istedi\u011finiz bir de\u011fi\u015fiklik s\u00f6z konusu ise sayfan\u0131n en alt\u0131nda bulunan adresler arac\u0131l\u0131\u011f\u0131 ile bizimle ileti\u015fime ge\u00e7ebilirsiniz.<\/p>\n<p>Sizlerden edindi\u011fimiz ki\u015fisel bilgilerin silinmesini veya bilgilerinizin kullan\u0131lmas\u0131n\u0131 durdurmak istedi\u011finiz anda bizlere ula\u015farak talebinizi belirtebilir, sorunsuzca iptal i\u015flemini ger\u00e7ekle\u015ftirebilirsiniz. Bu eylemi ger\u00e7ekle\u015ftirmek i\u00e7in istek formunu doldurman\u0131z yeterli olacakt\u0131r. Ayn\u0131 \u015fekilde sizlerin g\u00f6zetimi alt\u0131nda \u00e7ocuklar\u0131n\u0131zdan edindi\u011fimiz bilgilerin kullan\u0131m\u0131n\u0131 durdurmak ve sildirmek i\u00e7in istek formunu doldurman\u0131z iptal etme s\u00fcrecini h\u0131zland\u0131racakt\u0131r. Talep etmeniz halinde veri koruma politika ve prosed\u00fcrlerimiz hakk\u0131nda bilgi edinebilirsiniz.<\/p>\n<ol start=\"5\">\n<li>\u00c7erezler:<\/li>\n<\/ol>\n<p>Web sitemizde gezinirken kullan\u0131m\u0131n\u0131z\u0131 geli\u015ftirmek amac\u0131yla \u00e7erezler kullan\u0131yoruz. Pek \u00e7ok taray\u0131c\u0131 otomatik olarak \u00e7erezleri saklamak i\u00e7in ayarlanm\u0131\u015ft\u0131r, fakat manuel olarak de\u011fi\u015ftirilebilir durumdad\u0131r. Bu \u201c\u0130nternet Gizlilik Politikas\u0131\u201dn\u0131 kabul ederek \u00e7erezleri onaylad\u0131\u011f\u0131n\u0131z\u0131 da kabul etmi\u015f bulunmaktas\u0131n\u0131z. E\u011fer \u00e7erezlerin kullan\u0131lmas\u0131n\u0131 istemiyorsan\u0131z ayarlardan de\u011fi\u015ftirmek yeterli olacakt\u0131r. Ancak \u00e7erezler web sitesinde yard\u0131mc\u0131 rol oynad\u0131\u011f\u0131 i\u00e7in kald\u0131rd\u0131\u011f\u0131n\u0131z \u00e7erezler sitenin d\u00fczg\u00fcn \u00e7al\u0131\u015fmas\u0131n\u0131 dolay\u0131s\u0131yla sizin h\u0131zl\u0131 ve kaliteli servis alman\u0131z\u0131 engelleyebilir.<\/p>\n<ol start=\"6\">\n<li>Di\u011fer Web Siteleri:<\/li>\n<\/ol>\n<p>Web sitemizde LALLALUNA taraf\u0131ndan y\u00f6netilmeyen sayfalara y\u00f6nlendiren linkler bulunabilir. Bu sitelerden herhangi birisini ziyaret etti\u011finizde y\u00f6nlendirilmi\u015f oldu\u011funuz sitenin gizlilik politikalar\u0131n\u0131 dikkate almal\u0131s\u0131n\u0131z. Di\u011fer sitelerin standartlar\u0131ndan ve \u015firket ilkelerinden LALLALUNA sorumlu olmamaktad\u0131r.<\/p>\n<ol start=\"7\">\n<li>Sosyal Eklentilerin Kullan\u0131m\u0131:<\/li>\n<\/ol>\n<p>Web sitemizde gezinirken kullan\u0131m\u0131n\u0131z\u0131 geli\u015ftirmek amac\u0131yla \u00e7erezler kullan\u0131yoruz. Pek \u00e7ok taray\u0131c\u0131 otomatik olarak \u00e7erezleri saklamak i\u00e7in ayarlanm\u0131\u015ft\u0131r, fakat manuel olarak de\u011fi\u015ftirilebilir durumdad\u0131r. Bu \u201c\u0130nternet Gizlilik Politikas\u0131\u201dn\u0131 kabul ederek \u00e7erezleri onaylad\u0131\u011f\u0131n\u0131z\u0131 da kabul etmi\u015f bulunmaktas\u0131n\u0131z. E\u011fer \u00e7erezlerin kullan\u0131lmas\u0131n\u0131 istemiyorsan\u0131z ayarlardan de\u011fi\u015ftirmek yeterli olacakt\u0131r. Ancak \u00e7erezler web sitesinde yard\u0131mc\u0131 rol oynad\u0131\u011f\u0131 i\u00e7in kald\u0131rd\u0131\u011f\u0131n\u0131z \u00e7erezler sitenin d\u00fczg\u00fcn \u00e7al\u0131\u015fmas\u0131n\u0131 dolay\u0131s\u0131yla sizin h\u0131zl\u0131 ve kaliteli servis alman\u0131z\u0131 engelleyebilir. Web sitemizde ya da tekil sayfalar\u0131m\u0131zda Facebook Inc\u2019in sahip oldu\u011fu Facebook.com\u2019un sosyal eklentileri kullan\u0131lmaktad\u0131r. Sosyal eklenti i\u00e7eren bir sayfay\u0131 a\u00e7mak istedi\u011finizde taray\u0131c\u0131n\u0131z Facebook sunucular\u0131yla direkt bir ba\u011flant\u0131ya ge\u00e7erek Facebook\u2019a web sitemize giri\u015f yapt\u0131\u011f\u0131n\u0131z bildirimini yollar. E\u011fer Facebook hesab\u0131n\u0131za giri\u015f yapm\u0131\u015f iseniz Facebook bildirimi gelen veriler sizin hesab\u0131n\u0131za e\u015fle\u015ftirir. Eklentinin sahip oldu\u011fu \u201cbe\u011fen\u201d, \u201cyorum yap\u201d fonksiyonlar\u0131n\u0131 kulland\u0131\u011f\u0131n\u0131zda ilgili veriler taray\u0131c\u0131n\u0131z \u00fczerinden Facebook\u2019a g\u00f6nderilir. Elde edilen verilerin Facebook taraf\u0131ndan kullan\u0131lmas\u0131 ve i\u015flenilmesi ile ilgili olarak l\u00fctfen Facebook Gizlilik ayarlar\u0131na g\u00f6z at\u0131n. Facebook\u2019un web sitemiz \u00fczerinden sizinle ilgili bilgileri toplamas\u0131n\u0131 istemiyorsan\u0131z sitemize girmeden \u00f6nce Facebook hesab\u0131n\u0131zdan \u00e7\u0131k\u0131\u015f yap\u0131n.<\/p>\n<ol start=\"8\">\n<li>Ki\u015fisel Verileri \u0130\u015flenen Ki\u015filerin Haklar\u0131:<\/li>\n<\/ol>\n<p>\u0130\u015fbu s\u00f6zle\u015fme kapsam\u0131nda ki\u015fisel verileri i\u015flenen ki\u015filerin, kendileriyle ilgili ki\u015fisel veri i\u015flenip i\u015flenmedi\u011fini, verileri i\u015flenmi\u015fse buna ili\u015fkin bilgileri, verilerin i\u015flenme amac\u0131n\u0131 ve bunlar\u0131n amac\u0131na uygun kullan\u0131l\u0131p kullan\u0131lmad\u0131\u011f\u0131n\u0131, yurti\u00e7inde veya yurtd\u0131\u015f\u0131nda verilerin aktar\u0131ld\u0131\u011f\u0131 \u00fc\u00e7\u00fcnc\u00fc ki\u015filerin kimler oldu\u011funu, verilerin eksik veya yanl\u0131\u015f olmas\u0131 halinde bunlar\u0131n d\u00fczeltilmesini\/silinmesini, i\u015flenen verilerin m\u00fcnhas\u0131ran otomatik sistemler vas\u0131tas\u0131yla analiz edilmesi suretiyle ki\u015finin kendisi aleyhine bir sonucun ortaya \u00e7\u0131kmas\u0131na itiraz etme ve verilerinin ilgili mevzuata ayk\u0131r\u0131 olarak i\u015flenmesi sebebiyle zarara u\u011framas\u0131 halinde zarar\u0131n giderilmesini talep etme hakk\u0131 bulunmaktad\u0131r.<\/p>\n<p>&nbsp;<\/p>\n\n\t\t<\/div>\n\t<\/div>\n<\/div><\/div><\/div><\/div>","protected":false},"excerpt":{"rendered":"\u00dcyelerimizin\/m\u00fc\u015fterilerimizin www.lallaluna.com sitemize (\u201cSitemiz\u201d) vermi\u015f oldu\u011fu bilgilerin gizlili\u011fi, korunmas\u0131 ve ilgili di\u011fer hususlarda a\u015fa\u011f\u0131da cari kurallar\u0131 belirtilen Gizlilik Politikas\u0131 benimsenmi\u015ftir.","protected":false},"author":1,"featured_media":0,"parent":0,"menu_order":0,"comment_status":"closed","ping_status":"closed","template":"","meta":{"spay_email":"","footnotes":""},"class_list":["post-7145","page","type-page","status-publish","hentry"],"yoast_head":"<!-- This site is optimized with the Yoast SEO plugin v15.6.2 - https:\/\/yoast.com\/wordpress\/plugins\/seo\/ -->\n<title>Gizlilik Politikas\u0131 | Lallaluna<\/title>\n<meta name=\"robots\" content=\"index, follow, max-snippet:-1, max-image-preview:large, max-video-preview:-1\" \/>\n<link rel=\"canonical\" href=\"https:\/\/lallaluna.com\/en\/gizlilik-politikasi\/\" \/>\n<meta property=\"og:locale\" content=\"en_US\" \/>\n<meta property=\"og:type\" content=\"article\" \/>\n<meta property=\"og:title\" content=\"Gizlilik Politikas\u0131 | Lallaluna\" \/>\n<meta property=\"og:url\" content=\"https:\/\/lallaluna.com\/en\/gizlilik-politikasi\/\" \/>\n<meta property=\"og:site_name\" content=\"Lallaluna\" \/>\n<meta property=\"article:modified_time\" content=\"2020-11-05T09:06:10+00:00\" \/>\n<meta name=\"twitter:card\" content=\"summary_large_image\" \/>\n<meta name=\"twitter:label1\" content=\"Est. reading time\">\n\t<meta name=\"twitter:data1\" content=\"10 minutes\">\n<script type=\"application\/ld+json\" class=\"yoast-schema-graph\">{\"@context\":\"https:\/\/schema.org\",\"@graph\":[{\"@type\":\"WebSite\",\"@id\":\"https:\/\/lallaluna.com\/en\/#website\",\"url\":\"https:\/\/lallaluna.com\/en\/\",\"name\":\"Lallaluna\",\"description\":\"\",\"potentialAction\":[{\"@type\":\"SearchAction\",\"target\":\"https:\/\/lallaluna.com\/en\/?s={search_term_string}\",\"query-input\":\"required name=search_term_string\"}],\"inLanguage\":\"en-US\"},{\"@type\":\"WebPage\",\"@id\":\"https:\/\/lallaluna.com\/en\/gizlilik-politikasi\/#webpage\",\"url\":\"https:\/\/lallaluna.com\/en\/gizlilik-politikasi\/\",\"name\":\"Gizlilik Politikas\\u0131 | Lallaluna\",\"isPartOf\":{\"@id\":\"https:\/\/lallaluna.com\/en\/#website\"},\"datePublished\":\"2020-11-04T11:32:15+00:00\",\"dateModified\":\"2020-11-05T09:06:10+00:00\",\"inLanguage\":\"en-US\",\"potentialAction\":[{\"@type\":\"ReadAction\",\"target\":[\"https:\/\/lallaluna.com\/en\/gizlilik-politikasi\/\"]}]}]}<\/script>\n<!-- \/ Yoast SEO plugin. -->","_links":{"self":[{"href":"https:\/\/lallaluna.com\/en\/wp-json\/wp\/v2\/pages\/7145","targetHints":{"allow":["GET"]}}],"collection":[{"href":"https:\/\/lallaluna.com\/en\/wp-json\/wp\/v2\/pages"}],"about":[{"href":"https:\/\/lallaluna.com\/en\/wp-json\/wp\/v2\/types\/page"}],"author":[{"embeddable":true,"href":"https:\/\/lallaluna.com\/en\/wp-json\/wp\/v2\/users\/1"}],"replies":[{"embeddable":true,"href":"https:\/\/lallaluna.com\/en\/wp-json\/wp\/v2\/comments?post=7145"}],"version-history":[{"count":4,"href":"https:\/\/lallaluna.com\/en\/wp-json\/wp\/v2\/pages\/7145\/revisions"}],"predecessor-version":[{"id":7248,"href":"https:\/\/lallaluna.com\/en\/wp-json\/wp\/v2\/pages\/7145\/revisions\/7248"}],"wp:attachment":[{"href":"https:\/\/lallaluna.com\/en\/wp-json\/wp\/v2\/media?parent=7145"}],"curies":[{"name":"wp","href":"https:\/\/api.w.org\/{rel}","templated":true}]}}