{"id":7096,"date":"2020-11-04T13:06:16","date_gmt":"2020-11-04T10:06:16","guid":{"rendered":"http:\/\/lallaluna.com\/?page_id=7096"},"modified":"2020-11-14T19:31:04","modified_gmt":"2020-11-14T16:31:04","slug":"sikca-sorulan-sorular","status":"publish","type":"page","link":"https:\/\/lallaluna.com\/en\/sikca-sorulan-sorular\/","title":{"rendered":"Frequently Asked Questions"},"content":{"rendered":"<div class=\"vc_row wpb_row vc_row-fluid wpb_animate_when_almost_visible wpb_fadeIn fadeIn vc_custom_1604486444833 vc_row-o-equal-height vc_row-flex\"><div class=\"wpb_column vc_column_container vc_col-sm-12 vc_col-lg-12 vc_col-md-12 vc_col-has-fill\"><div class=\"vc_column-inner vc_custom_1595080793703\"><div class=\"wpb_wrapper\"><div class=\"vc_tta-container\" data-vc-action=\"collapseAll\"><div class=\"vc_general vc_tta vc_tta-accordion vc_tta-color-white vc_tta-style-classic vc_tta-shape-square vc_tta-o-shape-group vc_tta-controls-align-left vc_tta-o-no-fill vc_tta-o-all-clickable\"><div class=\"vc_tta-panels-container\"><div class=\"vc_tta-panels\"><div class=\"vc_tta-panel vc_active\" id=\"1484652030151-41d816a1-ec06\" data-vc-content=\".vc_tta-panel-body\"><div class=\"vc_tta-panel-heading\"><h4 class=\"vc_tta-panel-title vc_tta-controls-icon-position-right\"><a href=\"#1484652030151-41d816a1-ec06\" data-vc-accordion data-vc-container=\".vc_tta-container\"><span class=\"vc_tta-title-text\">Neden \u00fcye olmal\u0131y\u0131m?<\/span><i class=\"vc_tta-controls-icon vc_tta-controls-icon-chevron\"><\/i><\/a><\/h4><\/div><div class=\"vc_tta-panel-body\">\n\t<div class=\"wpb_text_column wpb_content_element\" >\n\t\t<div class=\"wpb_wrapper\">\n\t\t\t<ul>\n<li>\u0130nternet sitemize \u00fcye olman\u0131z bir sonraki al\u0131\u015fveri\u015f s\u00fcrecini sizin i\u00e7in kolayla\u015ft\u0131racakt\u0131r.<\/li>\n<li>Farkl\u0131 adres bilgilerinizi ve \u00f6deme y\u00f6ntemlerinizi kaydedebilirsiniz.<\/li>\n<li>Be\u011fenmi\u015f oldu\u011funuz \u00fcr\u00fcnlerin indirim bilgileri ilk size haber verilecektir.<\/li>\n<li>Sipari\u015finizi verdikten sonra \u00fcr\u00fcn size teslim edilinceye kadar t\u00fcm ad\u0131mlar sizinle payla\u015f\u0131lacakt\u0131r.<\/li>\n<li>Bunlar\u0131n d\u0131\u015f\u0131nda bir \u015fey daha var, sizi aram\u0131zda g\u00f6rd\u00fc\u011f\u00fcm\u00fcz i\u00e7in biz de \u00e7ok mutlu oluruz.<\/li>\n<\/ul>\n\n\t\t<\/div>\n\t<\/div>\n<\/div><\/div><div class=\"vc_tta-panel\" id=\"1484652030190-407b08ef-5de7\" data-vc-content=\".vc_tta-panel-body\"><div class=\"vc_tta-panel-heading\"><h4 class=\"vc_tta-panel-title vc_tta-controls-icon-position-right\"><a href=\"#1484652030190-407b08ef-5de7\" data-vc-accordion data-vc-container=\".vc_tta-container\"><span class=\"vc_tta-title-text\">\u00dcye olmadan da sipari\u015f verebilir miyim?<\/span><i class=\"vc_tta-controls-icon vc_tta-controls-icon-chevron\"><\/i><\/a><\/h4><\/div><div class=\"vc_tta-panel-body\">\n\t<div class=\"wpb_text_column wpb_content_element\" >\n\t\t<div class=\"wpb_wrapper\">\n\t\t\t<p>Tabi ki misafir ziyaret\u00e7i olarak da sipari\u015flerinizi verebilirsiniz. Umar\u0131z bir sonraki sipari\u015finizi \u00fcyemiz olarak sipari\u015f verirsiniz.<\/p>\n\n\t\t<\/div>\n\t<\/div>\n<\/div><\/div><div class=\"vc_tta-panel\" id=\"1484652030219-c6960c7e-ee62\" data-vc-content=\".vc_tta-panel-body\"><div class=\"vc_tta-panel-heading\"><h4 class=\"vc_tta-panel-title vc_tta-controls-icon-position-right\"><a href=\"#1484652030219-c6960c7e-ee62\" data-vc-accordion data-vc-container=\".vc_tta-container\"><span class=\"vc_tta-title-text\">\u00d6demeyi nas\u0131l yapabilirim?<\/span><i class=\"vc_tta-controls-icon vc_tta-controls-icon-chevron\"><\/i><\/a><\/h4><\/div><div class=\"vc_tta-panel-body\">\n\t<div class=\"wpb_text_column wpb_content_element\" >\n\t\t<div class=\"wpb_wrapper\">\n\t\t\t<p>\u00d6demenizi kredi kart\u0131 \/ banka kart\u0131 ile yapabilirsiniz.<\/p>\n\n\t\t<\/div>\n\t<\/div>\n<\/div><\/div><div class=\"vc_tta-panel\" id=\"1484652030238-302a2c7c-fe6f\" data-vc-content=\".vc_tta-panel-body\"><div class=\"vc_tta-panel-heading\"><h4 class=\"vc_tta-panel-title vc_tta-controls-icon-position-right\"><a href=\"#1484652030238-302a2c7c-fe6f\" data-vc-accordion data-vc-container=\".vc_tta-container\"><span class=\"vc_tta-title-text\">Kredi kart\u0131na taksit yap\u0131yor musunuz?<\/span><i class=\"vc_tta-controls-icon vc_tta-controls-icon-chevron\"><\/i><\/a><\/h4><\/div><div class=\"vc_tta-panel-body\">\n\t<div class=\"wpb_text_column wpb_content_element\" >\n\t\t<div class=\"wpb_wrapper\">\n\t\t\t<p>Kredi kart\u0131na taksit se\u00e7eneklerimiz de mevcuttur.<\/p>\n\n\t\t<\/div>\n\t<\/div>\n<\/div><\/div><div class=\"vc_tta-panel\" id=\"1484652030262-e10da133-51b0\" data-vc-content=\".vc_tta-panel-body\"><div class=\"vc_tta-panel-heading\"><h4 class=\"vc_tta-panel-title vc_tta-controls-icon-position-right\"><a href=\"#1484652030262-e10da133-51b0\" data-vc-accordion data-vc-container=\".vc_tta-container\"><span class=\"vc_tta-title-text\">Sipari\u015f iptali<\/span><i class=\"vc_tta-controls-icon vc_tta-controls-icon-chevron\"><\/i><\/a><\/h4><\/div><div class=\"vc_tta-panel-body\">\n\t<div class=\"wpb_text_column wpb_content_element\" >\n\t\t<div class=\"wpb_wrapper\">\n\t\t\t<p>Sipari\u015finizi verdikten sonra fikrinizi de\u011fi\u015ftirdi\u011finiz takdirde <a href=\"mailto:customercare@lallaluna.com\"><strong>customercare@lallaluna.com<\/strong><\/a> adresine mail atabilirsiniz. Memnuniyetle sizlere yard\u0131mc\u0131 olaca\u011f\u0131m\u0131z bilmenizi isteriz.<\/p>\n\n\t\t<\/div>\n\t<\/div>\n<\/div><\/div><div class=\"vc_tta-panel\" id=\"1595080924607-1ad3bcbc-c584\" data-vc-content=\".vc_tta-panel-body\"><div class=\"vc_tta-panel-heading\"><h4 class=\"vc_tta-panel-title vc_tta-controls-icon-position-right\"><a href=\"#1595080924607-1ad3bcbc-c584\" data-vc-accordion data-vc-container=\".vc_tta-container\"><span class=\"vc_tta-title-text\">\u0130ade- De\u011fi\u015fim yapabiliyor muyum? \u0130ade-De\u011fi\u015fim \u015fartlar\u0131 nelerdir?<\/span><i class=\"vc_tta-controls-icon vc_tta-controls-icon-chevron\"><\/i><\/a><\/h4><\/div><div class=\"vc_tta-panel-body\">\n\t<div class=\"wpb_text_column wpb_content_element\" >\n\t\t<div class=\"wpb_wrapper\">\n\t\t\t<p>Sat\u0131n ald\u0131\u011f\u0131n\u0131z t\u00fcm etiketli, giyilmemi\u015f- kullan\u0131lmam\u0131\u015f \u00fcr\u00fcnleri sat\u0131n alma tarihinden itibaren 14 g\u00fcn<br \/>\ni\u00e7inde orijinal \u00f6deme \u015fekline iade veya de\u011fi\u015fim i\u00e7in kabul ediyoruz.<\/p>\n\n\t\t<\/div>\n\t<\/div>\n<\/div><\/div><div class=\"vc_tta-panel\" id=\"1595080924082-03427de8-b435\" data-vc-content=\".vc_tta-panel-body\"><div class=\"vc_tta-panel-heading\"><h4 class=\"vc_tta-panel-title vc_tta-controls-icon-position-right\"><a href=\"#1595080924082-03427de8-b435\" data-vc-accordion data-vc-container=\".vc_tta-container\"><span class=\"vc_tta-title-text\">Nas\u0131l iade ve de\u011fi\u015fim yapabilirim?<\/span><i class=\"vc_tta-controls-icon vc_tta-controls-icon-chevron\"><\/i><\/a><\/h4><\/div><div class=\"vc_tta-panel-body\">\n\t<div class=\"wpb_text_column wpb_content_element\" >\n\t\t<div class=\"wpb_wrapper\">\n\t\t\t<p>\u0130ade ve de\u011fi\u015fim yapabilmek i\u00e7in tam olarak 14 g\u00fcn s\u00fcreniz vard\u0131r. <strong><a href=\"https:\/\/lallaluna.com\/en\/iade-ve-degisim\/\">\u0130ade ve de\u011fi\u015fim formunu<\/a><\/strong> doldurarak i\u015flem s\u00fcrecini ba\u015flatabilirsiniz.<\/p>\n\n\t\t<\/div>\n\t<\/div>\n<\/div><\/div><div class=\"vc_tta-panel\" id=\"1595080961904-d49f6c49-974c\" data-vc-content=\".vc_tta-panel-body\"><div class=\"vc_tta-panel-heading\"><h4 class=\"vc_tta-panel-title vc_tta-controls-icon-position-right\"><a href=\"#1595080961904-d49f6c49-974c\" data-vc-accordion data-vc-container=\".vc_tta-container\"><span class=\"vc_tta-title-text\">\u0130ade etti\u011fim \u00fcr\u00fcn\u00fcn \u00fccret iadesi ne zaman yap\u0131l\u0131r?<\/span><i class=\"vc_tta-controls-icon vc_tta-controls-icon-chevron\"><\/i><\/a><\/h4><\/div><div class=\"vc_tta-panel-body\">\n\t<div class=\"wpb_text_column wpb_content_element\" >\n\t\t<div class=\"wpb_wrapper\">\n\t\t\t<p>\u0130\u00e7inize sinmemez ise 7 i\u015f g\u00fcn\u00fc i\u00e7erisinde geri \u00f6demenizi ger\u00e7ekle\u015ftirebiliriz.<\/p>\n<p>Bankan\u0131zdan kaynakl\u0131 sebeplerle iadenizin kredi kart\u0131n\u0131za yans\u0131mas\u0131 bir ka\u00e7 g\u00fcn s\u00fcrebilir.<br \/>\n\u0130adenizin makul s\u00fcre i\u00e7erisinde ger\u00e7ekle\u015fmedi\u011fini d\u00fc\u015f\u00fcn\u00fcyorsan\u0131z l\u00fctfen durumu<br \/>\ncustomercare@lallaluna.com adresine iletiniz.<\/p>\n\n\t\t<\/div>\n\t<\/div>\n<\/div><\/div><div class=\"vc_tta-panel\" id=\"1595080961376-bd0be49e-f64c\" data-vc-content=\".vc_tta-panel-body\"><div class=\"vc_tta-panel-heading\"><h4 class=\"vc_tta-panel-title vc_tta-controls-icon-position-right\"><a href=\"#1595080961376-bd0be49e-f64c\" data-vc-accordion data-vc-container=\".vc_tta-container\"><span class=\"vc_tta-title-text\">Hediye paketi yap\u0131yor musunuz?<\/span><i class=\"vc_tta-controls-icon vc_tta-controls-icon-chevron\"><\/i><\/a><\/h4><\/div><div class=\"vc_tta-panel-body\">\n\t<div class=\"wpb_text_column wpb_content_element\" >\n\t\t<div class=\"wpb_wrapper\">\n\t\t\t<p>Hediye paketi yap\u0131yoruz. Sipari\u015f notlar\u0131nda hediye paketini bildirmeniz yeterlidir.<\/p>\n<p>Sevdiklerinizin hak etti\u011fi rahatl\u0131\u011f\u0131 d\u00fc\u015f\u00fcnd\u00fc\u011f\u00fcn\u00fcz i\u00e7in \u00e7ok incesiniz.<\/p>\n\n\t\t<\/div>\n\t<\/div>\n<\/div><\/div><div class=\"vc_tta-panel\" id=\"1595081020510-af3b3032-9223\" data-vc-content=\".vc_tta-panel-body\"><div class=\"vc_tta-panel-heading\"><h4 class=\"vc_tta-panel-title vc_tta-controls-icon-position-right\"><a href=\"#1595081020510-af3b3032-9223\" data-vc-accordion data-vc-container=\".vc_tta-container\"><span class=\"vc_tta-title-text\">Sipari\u015f olu\u015fturuken nelere dikkat etmeliyim?<\/span><i class=\"vc_tta-controls-icon vc_tta-controls-icon-chevron\"><\/i><\/a><\/h4><\/div><div class=\"vc_tta-panel-body\">\n\t<div class=\"wpb_text_column wpb_content_element\" >\n\t\t<div class=\"wpb_wrapper\">\n\t\t\t<p>Sizlerden istenen bilgileri eksiksiz doldurman\u0131z sipari\u015finizin sorunsuz bir \u015fekilde elinizde olmas\u0131n\u0131 sa\u011flamam\u0131z i\u00e7in yeterli olacakt\u0131r.<\/p>\n\n\t\t<\/div>\n\t<\/div>\n<\/div><\/div><div class=\"vc_tta-panel\" id=\"1595081019865-63f04078-ceed\" data-vc-content=\".vc_tta-panel-body\"><div class=\"vc_tta-panel-heading\"><h4 class=\"vc_tta-panel-title vc_tta-controls-icon-position-right\"><a href=\"#1595081019865-63f04078-ceed\" data-vc-accordion data-vc-container=\".vc_tta-container\"><span class=\"vc_tta-title-text\">Sipari\u015f Takibi<\/span><i class=\"vc_tta-controls-icon vc_tta-controls-icon-chevron\"><\/i><\/a><\/h4><\/div><div class=\"vc_tta-panel-body\">\n\t<div class=\"wpb_text_column wpb_content_element\" >\n\t\t<div class=\"wpb_wrapper\">\n\t\t\t<p>E\u011fer misafir ziyaret\u00e7i olarak sipari\u015finizi olu\u015fturduysan\u0131z, sipari\u015finiz kargoya verildikten sonra kargo firman\u0131z\u0131n size g\u00f6nderece\u011fi kod \u00fczerinden sipari\u015finizi takip edebilirsiniz.<\/p>\n\n\t\t<\/div>\n\t<\/div>\n<\/div><\/div><div class=\"vc_tta-panel\" id=\"1595081060390-3c41d34a-1739\" data-vc-content=\".vc_tta-panel-body\"><div class=\"vc_tta-panel-heading\"><h4 class=\"vc_tta-panel-title vc_tta-controls-icon-position-right\"><a href=\"#1595081060390-3c41d34a-1739\" data-vc-accordion data-vc-container=\".vc_tta-container\"><span class=\"vc_tta-title-text\">Sipari\u015f Hatal\u0131 \u2013 Eksik- Hasarl\u0131 ise ne yapmal\u0131y\u0131m?<\/span><i class=\"vc_tta-controls-icon vc_tta-controls-icon-chevron\"><\/i><\/a><\/h4><\/div><div class=\"vc_tta-panel-body\">\n\t<div class=\"wpb_text_column wpb_content_element\" >\n\t\t<div class=\"wpb_wrapper\">\n\t\t\t<p>Ald\u0131\u011f\u0131n\u0131z sipari\u015f hasarl\u0131 veya yanl\u0131\u015f oldu\u011funu d\u00fc\u015f\u00fcn\u00fcyorsan\u0131z<strong><a href=\"https:\/\/lallaluna.com\/en\/iade-ve-degisim\/\"> iade ve de\u011fi\u015fim formunu<\/a><\/strong> doldurarak bizimle ileti\u015fime ge\u00e7ebilirsiniz. Yapt\u0131\u011f\u0131m\u0131z i\u015f konusunda tutkuluyuz ve size yard\u0131mc\u0131 olaca\u011f\u0131m\u0131za emin olabilirsiniz<\/p>\n\n\t\t<\/div>\n\t<\/div>\n<\/div><\/div><div class=\"vc_tta-panel\" id=\"1595081078911-e855b141-3de7\" data-vc-content=\".vc_tta-panel-body\"><div class=\"vc_tta-panel-heading\"><h4 class=\"vc_tta-panel-title vc_tta-controls-icon-position-right\"><a href=\"#1595081078911-e855b141-3de7\" data-vc-accordion data-vc-container=\".vc_tta-container\"><span class=\"vc_tta-title-text\">\u00dcr\u00fcnler ma\u011fazadan ne kadar s\u00fcrede \u00e7\u0131kar?<\/span><i class=\"vc_tta-controls-icon vc_tta-controls-icon-chevron\"><\/i><\/a><\/h4><\/div><div class=\"vc_tta-panel-body\">\n\t<div class=\"wpb_text_column wpb_content_element\" >\n\t\t<div class=\"wpb_wrapper\">\n\t\t\t<p>Resmi tatil g\u00fcnleri d\u0131\u015f\u0131nda sipari\u015fleriniz en ge\u00e7 ertesi g\u00fcn kargoya verilecektir.<\/p>\n\n\t\t<\/div>\n\t<\/div>\n<\/div><\/div><\/div><\/div><\/div><\/div>\t\t\n\t\t<div id=\"wd-5f1301d9c5735\" class=\"title-wrapper  woodmart-title-color-default woodmart-title-style-default woodmart-title-width-100 text-left woodmart-title-size-default\">\n\t\t\t\t\t\t\n\t\t\t<div class=\"liner-continer\">\n\t\t\t\t<span class=\"left-line\"><\/span>\n\t\t\t\t<h4 class=\"woodmart-title-container title  woodmart-font-weight-\" >Kendi merak etti\u011fim soruyu bulamad\u0131m, ne yapmam laz\u0131m?<\/h4>\t\t\t\t\t\t\t\t<span class=\"right-line\"><\/span>\n\t\t\t<\/div>\n\t\t\t\n\t\t\t\t\t\t\t<div class=\"title-after_title\">A\u015fa\u011f\u0131daki ileti\u015fim formunu doldurarak bize diledi\u011finiz soruyu sormaktan \u00e7ekinmeyin. Size en k\u0131sa s\u00fcrede d\u00f6n\u00fc\u015f sa\u011flayaca\u011f\u0131z.<\/div>\n\t\t\t\t\t\t\n\t\t\t\t\t<\/div>\n\t\t\n\t\t<div role=\"form\" class=\"wpcf7\" id=\"wpcf7-f608-o1\" lang=\"en-US\" dir=\"ltr\">\n<div class=\"screen-reader-response\"><p role=\"status\" aria-live=\"polite\" aria-atomic=\"true\"><\/p> <ul><\/ul><\/div>\n<form action=\"\/en\/wp-json\/wp\/v2\/pages\/7096#wpcf7-f608-o1\" method=\"post\" class=\"wpcf7-form init\" novalidate=\"novalidate\" data-status=\"init\" data-trp-original-action=\"\/en\/wp-json\/wp\/v2\/pages\/7096#wpcf7-f608-o1\">\n<div style=\"display: none;\">\n<input type=\"hidden\" name=\"_wpcf7\" value=\"608\" \/>\n<input type=\"hidden\" name=\"_wpcf7_version\" value=\"5.3.2\" \/>\n<input type=\"hidden\" name=\"_wpcf7_locale\" value=\"en_US\" \/>\n<input type=\"hidden\" name=\"_wpcf7_unit_tag\" value=\"wpcf7-f608-o1\" \/>\n<input type=\"hidden\" name=\"_wpcf7_container_post\" value=\"0\" \/>\n<input type=\"hidden\" name=\"_wpcf7_posted_data_hash\" value=\"\" \/>\n<\/div>\n<div class=\"row\">\n<div class=\"col-md-6\" style='margin-bottom:20px;'><label>Name<\/label><span class=\"wpcf7-form-control-wrap your-name\"><input type=\"text\" name=\"your-name\" value=\"\" size=\"40\" class=\"wpcf7-form-control wpcf7-text wpcf7-validates-as-required\" aria-required=\"true\" aria-invalid=\"false\" \/><\/span><\/div>\n<div class=\"col-md-6\" style='margin-bottom:20px;'><label>E-mail<\/label><span class=\"wpcf7-form-control-wrap your-email\"><input type=\"email\" name=\"your-email\" value=\"\" size=\"40\" class=\"wpcf7-form-control wpcf7-text wpcf7-email wpcf7-validates-as-required wpcf7-validates-as-email\" aria-required=\"true\" aria-invalid=\"false\" \/><\/span><\/div>\n<\/div>\n<div class=\"row\">\n<div class=\"col-md-6\" style='margin-bottom:20px;'><label>Phone Number<\/label><span class=\"wpcf7-form-control-wrap tel-767\"><input type=\"tel\" name=\"tel-767\" value=\"\" size=\"40\" class=\"wpcf7-form-control wpcf7-text wpcf7-tel wpcf7-validates-as-tel\" aria-invalid=\"false\" \/><\/span><\/div>\n<div class=\"col-md-6\" style='margin-bottom:20px;'><label>Subject<\/label><span class=\"wpcf7-form-control-wrap text-1\"><input type=\"text\" name=\"text-1\" value=\"\" size=\"40\" class=\"wpcf7-form-control wpcf7-text\" aria-invalid=\"false\" \/><\/span><\/div>\n<\/div>\n<p><label>Text<\/label><span class=\"wpcf7-form-control-wrap your-message\"><textarea name=\"your-message\" cols=\"40\" rows=\"10\" class=\"wpcf7-form-control wpcf7-textarea\" aria-invalid=\"false\"><\/textarea><\/span><\/p>\n<p><input type=\"submit\" value=\"SEND!\" class=\"wpcf7-form-control wpcf7-submit btn-color-black\" \/><\/p>\n<div class=\"wpcf7-response-output\" aria-hidden=\"true\"><\/div><input type=\"hidden\" name=\"trp-form-language\" value=\"en\"\/><\/form><\/div><\/div><\/div><\/div><\/div>","protected":false},"excerpt":{"rendered":"Neden \u00fcye olmal\u0131y\u0131m? \u0130nternet sitemize \u00fcye olman\u0131z bir sonraki al\u0131\u015fveri\u015f s\u00fcrecini sizin i\u00e7in kolayla\u015ft\u0131racakt\u0131r. Farkl\u0131 adres bilgilerinizi ve \u00f6deme y\u00f6ntemlerinizi","protected":false},"author":1,"featured_media":0,"parent":0,"menu_order":0,"comment_status":"closed","ping_status":"closed","template":"","meta":{"spay_email":"","footnotes":""},"class_list":["post-7096","page","type-page","status-publish","hentry"],"yoast_head":"<!-- This site is optimized with the Yoast SEO plugin v15.6.2 - https:\/\/yoast.com\/wordpress\/plugins\/seo\/ -->\n<title>S\u0131k\u00e7a Sorulan Sorular | Lallaluna<\/title>\n<meta name=\"robots\" content=\"index, follow, max-snippet:-1, max-image-preview:large, max-video-preview:-1\" \/>\n<link rel=\"canonical\" href=\"https:\/\/lallaluna.com\/en\/sikca-sorulan-sorular\/\" \/>\n<meta property=\"og:locale\" content=\"en_US\" \/>\n<meta property=\"og:type\" content=\"article\" \/>\n<meta property=\"og:title\" content=\"S\u0131k\u00e7a Sorulan Sorular | Lallaluna\" \/>\n<meta property=\"og:url\" content=\"https:\/\/lallaluna.com\/en\/sikca-sorulan-sorular\/\" \/>\n<meta property=\"og:site_name\" content=\"Lallaluna\" \/>\n<meta property=\"article:modified_time\" content=\"2020-11-14T16:31:04+00:00\" \/>\n<meta name=\"twitter:card\" content=\"summary_large_image\" \/>\n<meta name=\"twitter:label1\" content=\"Est. reading time\">\n\t<meta name=\"twitter:data1\" content=\"5 minutes\">\n<script type=\"application\/ld+json\" class=\"yoast-schema-graph\">{\"@context\":\"https:\/\/schema.org\",\"@graph\":[{\"@type\":\"WebSite\",\"@id\":\"https:\/\/lallaluna.com\/en\/#website\",\"url\":\"https:\/\/lallaluna.com\/en\/\",\"name\":\"Lallaluna\",\"description\":\"\",\"potentialAction\":[{\"@type\":\"SearchAction\",\"target\":\"https:\/\/lallaluna.com\/en\/?s={search_term_string}\",\"query-input\":\"required name=search_term_string\"}],\"inLanguage\":\"en-US\"},{\"@type\":\"WebPage\",\"@id\":\"https:\/\/lallaluna.com\/en\/sikca-sorulan-sorular\/#webpage\",\"url\":\"https:\/\/lallaluna.com\/en\/sikca-sorulan-sorular\/\",\"name\":\"S\\u0131k\\u00e7a Sorulan Sorular | Lallaluna\",\"isPartOf\":{\"@id\":\"https:\/\/lallaluna.com\/en\/#website\"},\"datePublished\":\"2020-11-04T10:06:16+00:00\",\"dateModified\":\"2020-11-14T16:31:04+00:00\",\"inLanguage\":\"en-US\",\"potentialAction\":[{\"@type\":\"ReadAction\",\"target\":[\"https:\/\/lallaluna.com\/en\/sikca-sorulan-sorular\/\"]}]}]}<\/script>\n<!-- \/ Yoast SEO plugin. -->","_links":{"self":[{"href":"https:\/\/lallaluna.com\/en\/wp-json\/wp\/v2\/pages\/7096","targetHints":{"allow":["GET"]}}],"collection":[{"href":"https:\/\/lallaluna.com\/en\/wp-json\/wp\/v2\/pages"}],"about":[{"href":"https:\/\/lallaluna.com\/en\/wp-json\/wp\/v2\/types\/page"}],"author":[{"embeddable":true,"href":"https:\/\/lallaluna.com\/en\/wp-json\/wp\/v2\/users\/1"}],"replies":[{"embeddable":true,"href":"https:\/\/lallaluna.com\/en\/wp-json\/wp\/v2\/comments?post=7096"}],"version-history":[{"count":6,"href":"https:\/\/lallaluna.com\/en\/wp-json\/wp\/v2\/pages\/7096\/revisions"}],"predecessor-version":[{"id":7333,"href":"https:\/\/lallaluna.com\/en\/wp-json\/wp\/v2\/pages\/7096\/revisions\/7333"}],"wp:attachment":[{"href":"https:\/\/lallaluna.com\/en\/wp-json\/wp\/v2\/media?parent=7096"}],"curies":[{"name":"wp","href":"https:\/\/api.w.org\/{rel}","templated":true}]}}