{"id":267,"date":"2017-06-21T08:08:52","date_gmt":"2017-06-21T08:08:52","guid":{"rendered":"http:\/\/dummy.xtemos.com\/woodmart\/?page_id=267"},"modified":"2020-11-05T12:55:58","modified_gmt":"2020-11-05T09:55:58","slug":"favoriler","status":"publish","type":"page","link":"https:\/\/lallaluna.com\/en\/favoriler\/","title":{"rendered":"Favorites"},"content":{"rendered":"<div class=\"\">\n\t\t\t\t\t\t<div class=\"woodmart-wishlist-content\">\n\t\t\t\t\t\t\t\t\t<p class=\"woodmart-empty-wishlist woodmart-empty-page\">\n\t\t\t\t\t\tWishlist is empty.\t\t\t\t\t<\/p>\n\n\t\t\t\t\t\t\t\t\t\t\t<div class=\"woodmart-empty-page-text\">\n\t\t\t\t\t\t\tHen\u00fcz favorilerinizde hi\u00e7 \u00fcr\u00fcn yok. <br> \"Ma\u011faza\" sayfam\u0131zda bir\u00e7ok ilgin\u00e7 \u00fcr\u00fcn bulacaks\u0131n\u0131z.\t\t\t\t\t\t<\/div>\n\t\t\t\t\t\n\t\t\t\t\t<p class=\"return-to-shop\">\n\t\t\t\t\t\t<a class=\"button\" href=\"https:\/\/lallaluna.com\/en\/magaza\/\">\n\t\t\t\t\t\t\tReturn to shop\t\t\t\t\t\t<\/a>\n\t\t\t\t\t<\/p>\n\t\t\t\t\t\t\t<\/div>\n\t\t\t\t<\/div>","protected":false},"excerpt":{"rendered":"Wishlist is empty. Hen\u00fcz favorilerinizde hi\u00e7 \u00fcr\u00fcn yok. \"Ma\u011faza\" sayfam\u0131zda bir\u00e7ok ilgin\u00e7 \u00fcr\u00fcn bulacaks\u0131n\u0131z. Return to shop","protected":false},"author":1,"featured_media":0,"parent":0,"menu_order":0,"comment_status":"closed","ping_status":"closed","template":"","meta":{"spay_email":"","footnotes":""},"class_list":["post-267","page","type-page","status-publish","hentry"],"yoast_head":"<!-- This site is optimized with the Yoast SEO plugin v15.6.2 - https:\/\/yoast.com\/wordpress\/plugins\/seo\/ -->\n<title>Favoriler | Lallaluna<\/title>\n<meta name=\"robots\" content=\"index, follow, max-snippet:-1, max-image-preview:large, max-video-preview:-1\" \/>\n<link rel=\"canonical\" href=\"https:\/\/lallaluna.com\/en\/favoriler\/\" \/>\n<meta property=\"og:locale\" content=\"en_US\" \/>\n<meta property=\"og:type\" content=\"article\" \/>\n<meta property=\"og:title\" content=\"Favoriler | Lallaluna\" \/>\n<meta property=\"og:url\" content=\"https:\/\/lallaluna.com\/en\/favoriler\/\" \/>\n<meta property=\"og:site_name\" content=\"Lallaluna\" \/>\n<meta property=\"article:modified_time\" content=\"2020-11-05T09:55:58+00:00\" \/>\n<meta name=\"twitter:card\" content=\"summary_large_image\" \/>\n<script type=\"application\/ld+json\" class=\"yoast-schema-graph\">{\"@context\":\"https:\/\/schema.org\",\"@graph\":[{\"@type\":\"WebSite\",\"@id\":\"https:\/\/lallaluna.com\/en\/#website\",\"url\":\"https:\/\/lallaluna.com\/en\/\",\"name\":\"Lallaluna\",\"description\":\"\",\"potentialAction\":[{\"@type\":\"SearchAction\",\"target\":\"https:\/\/lallaluna.com\/en\/?s={search_term_string}\",\"query-input\":\"required name=search_term_string\"}],\"inLanguage\":\"en-US\"},{\"@type\":\"WebPage\",\"@id\":\"https:\/\/lallaluna.com\/en\/favoriler\/#webpage\",\"url\":\"https:\/\/lallaluna.com\/en\/favoriler\/\",\"name\":\"Favoriler | Lallaluna\",\"isPartOf\":{\"@id\":\"https:\/\/lallaluna.com\/en\/#website\"},\"datePublished\":\"2017-06-21T08:08:52+00:00\",\"dateModified\":\"2020-11-05T09:55:58+00:00\",\"inLanguage\":\"en-US\",\"potentialAction\":[{\"@type\":\"ReadAction\",\"target\":[\"https:\/\/lallaluna.com\/en\/favoriler\/\"]}]}]}<\/script>\n<!-- \/ Yoast SEO plugin. -->","_links":{"self":[{"href":"https:\/\/lallaluna.com\/en\/wp-json\/wp\/v2\/pages\/267","targetHints":{"allow":["GET"]}}],"collection":[{"href":"https:\/\/lallaluna.com\/en\/wp-json\/wp\/v2\/pages"}],"about":[{"href":"https:\/\/lallaluna.com\/en\/wp-json\/wp\/v2\/types\/page"}],"author":[{"embeddable":true,"href":"https:\/\/lallaluna.com\/en\/wp-json\/wp\/v2\/users\/1"}],"replies":[{"embeddable":true,"href":"https:\/\/lallaluna.com\/en\/wp-json\/wp\/v2\/comments?post=267"}],"version-history":[{"count":1,"href":"https:\/\/lallaluna.com\/en\/wp-json\/wp\/v2\/pages\/267\/revisions"}],"predecessor-version":[{"id":7289,"href":"https:\/\/lallaluna.com\/en\/wp-json\/wp\/v2\/pages\/267\/revisions\/7289"}],"wp:attachment":[{"href":"https:\/\/lallaluna.com\/en\/wp-json\/wp\/v2\/media?parent=267"}],"curies":[{"name":"wp","href":"https:\/\/api.w.org\/{rel}","templated":true}]}}